{"id":7598,"date":"2026-01-28T20:03:58","date_gmt":"2026-01-28T20:03:58","guid":{"rendered":"https:\/\/empatiacomunidad.com\/?page_id=7598"},"modified":"2026-02-04T23:48:34","modified_gmt":"2026-02-04T23:48:34","slug":"alianzas-y-comunidad-global","status":"publish","type":"page","link":"https:\/\/empatiacomunidad.com\/es\/alianzas-y-comunidad-global\/","title":{"rendered":"Alianzas y Comunidad Global"},"content":{"rendered":"\t\t<div data-elementor-type=\"wp-page\" data-elementor-id=\"7598\" class=\"elementor elementor-7598\" data-elementor-post-type=\"page\">\n\t\t\t\t<div class=\"elementor-element elementor-element-5a34646e e-con-full e-flex e-con e-parent\" data-id=\"5a34646e\" data-element_type=\"container\" data-e-type=\"container\">\n\t\t<div class=\"elementor-element elementor-element-7367b595 e-con-full e-flex e-con e-child\" data-id=\"7367b595\" data-element_type=\"container\" data-e-type=\"container\">\n\t\t\t\t<div class=\"elementor-element elementor-element-2482d4be elementor-widget elementor-widget-image\" data-id=\"2482d4be\" data-element_type=\"widget\" data-e-type=\"widget\" data-widget_type=\"image.default\">\n\t\t\t\t\t\t\t\t\t\t\t\t\t\t\t\t<a href=\"https:\/\/empatiacomunidad.com\/es\/\">\n\t\t\t\t\t\t\t<img fetchpriority=\"high\" decoding=\"async\" width=\"1096\" height=\"273\" src=\"https:\/\/empatiacomunidad.com\/wp-content\/uploads\/2025\/10\/Logo-Empatia-Blanco.svg\" class=\"attachment-full size-full wp-image-395\" alt=\"\" \/>\t\t\t\t\t\t\t\t<\/a>\n\t\t\t\t\t\t\t\t\t\t\t\t\t\t\t<\/div>\n\t\t\t\t<\/div>\n\t\t<div class=\"elementor-element elementor-element-3262226d e-con-full e-flex e-con e-child\" data-id=\"3262226d\" data-element_type=\"container\" data-e-type=\"container\">\n\t\t\t\t<div class=\"elementor-element elementor-element-33856856 elementor-view-stacked elementor-shape-square elementor-fixed elementor-widget elementor-widget-icon\" data-id=\"33856856\" data-element_type=\"widget\" data-e-type=\"widget\" data-settings=\"{&quot;_position&quot;:&quot;fixed&quot;}\" data-widget_type=\"icon.default\">\n\t\t\t\t\t\t\t<div class=\"elementor-icon-wrapper\">\n\t\t\t<a class=\"elementor-icon\" href=\"#elementor-action%3Aaction%3Dpopup%3Aopen%26settings%3DeyJpZCI6IjMxOSIsInRvZ2dsZSI6ZmFsc2V9\">\n\t\t\t<svg xmlns=\"http:\/\/www.w3.org\/2000\/svg\" xmlns:xlink=\"http:\/\/www.w3.org\/1999\/xlink\" id=\"Capa_1\" x=\"0px\" y=\"0px\" width=\"616.469px\" height=\"422.979px\" viewBox=\"90.606 186.6 616.469 422.979\" xml:space=\"preserve\"><path d=\"M706.734,232.75c0,24.023-19.475,43.498-43.496,43.498H136.763c-24.023,0-43.498-19.475-43.498-43.498l0,0 c0-24.023,19.475-43.498,43.498-43.498h526.475C687.26,189.252,706.734,208.726,706.734,232.75L706.734,232.75z\"><\/path><path d=\"M706.734,399.416c0,24.022-19.475,43.497-43.496,43.497H136.763c-24.023,0-43.498-19.475-43.498-43.497l0,0 c0-24.023,19.475-43.498,43.498-43.498h526.475C687.26,355.918,706.734,375.392,706.734,399.416L706.734,399.416z\"><\/path><path d=\"M706.734,566.081c0,24.023-19.475,43.498-43.496,43.498H136.763c-24.023,0-43.498-19.475-43.498-43.498l0,0 c0-24.023,19.475-43.498,43.498-43.498h526.475C687.26,522.583,706.734,542.057,706.734,566.081L706.734,566.081z\"><\/path><\/svg>\t\t\t<\/a>\n\t\t<\/div>\n\t\t\t\t\t\t<\/div>\n\t\t\t\t<\/div>\n\t\t\t\t<\/div>\n\t\t<div class=\"elementor-element elementor-element-19a5470 e-flex e-con-boxed e-con e-parent\" data-id=\"19a5470\" data-element_type=\"container\" data-e-type=\"container\" id=\"frase\" data-settings=\"{&quot;background_background&quot;:&quot;classic&quot;}\">\n\t\t\t\t\t<div class=\"e-con-inner\">\n\t\t<div class=\"elementor-element elementor-element-6ea516aa e-con-full e-flex e-con e-child\" data-id=\"6ea516aa\" data-element_type=\"container\" data-e-type=\"container\">\n\t\t<div class=\"elementor-element elementor-element-4462cafc e-con-full e-flex elementor-invisible e-con e-child\" data-id=\"4462cafc\" data-element_type=\"container\" data-e-type=\"container\" data-settings=\"{&quot;animation&quot;:&quot;fadeInDown&quot;}\">\n\t\t\t\t<div class=\"elementor-element elementor-element-40b8da1b elementor-widget elementor-widget-text-editor\" data-id=\"40b8da1b\" data-element_type=\"widget\" data-e-type=\"widget\" data-widget_type=\"text-editor.default\">\n\t\t\t\t\t\t\t\t\t<p>alianzas<\/p>\t\t\t\t\t\t\t\t<\/div>\n\t\t\t\t<\/div>\n\t\t<div class=\"elementor-element elementor-element-9d4c892 e-con-full e-flex elementor-invisible e-con e-child\" data-id=\"9d4c892\" data-element_type=\"container\" data-e-type=\"container\" data-settings=\"{&quot;animation&quot;:&quot;fadeInDown&quot;}\">\n\t\t\t\t<div class=\"elementor-element elementor-element-42c1a01e elementor-widget elementor-widget-text-editor\" data-id=\"42c1a01e\" data-element_type=\"widget\" data-e-type=\"widget\" data-widget_type=\"text-editor.default\">\n\t\t\t\t\t\t\t\t\t<p>y comunidad<\/p>\t\t\t\t\t\t\t\t<\/div>\n\t\t\t\t<\/div>\n\t\t<div class=\"elementor-element elementor-element-4ac508a e-con-full e-flex elementor-invisible e-con e-child\" data-id=\"4ac508a\" data-element_type=\"container\" data-e-type=\"container\" data-settings=\"{&quot;animation&quot;:&quot;fadeInDown&quot;}\">\n\t\t\t\t<div class=\"elementor-element elementor-element-c3f364e elementor-widget elementor-widget-text-editor\" data-id=\"c3f364e\" data-element_type=\"widget\" data-e-type=\"widget\" data-widget_type=\"text-editor.default\">\n\t\t\t\t\t\t\t\t\t<p>global<\/p>\t\t\t\t\t\t\t\t<\/div>\n\t\t\t\t<\/div>\n\t\t<div class=\"elementor-element elementor-element-3e2ffcc0 e-con-full e-flex elementor-invisible e-con e-child\" data-id=\"3e2ffcc0\" data-element_type=\"container\" data-e-type=\"container\" data-settings=\"{&quot;animation&quot;:&quot;fadeInDown&quot;}\">\n\t\t\t\t<div class=\"elementor-element elementor-element-46c497d4 icono-flecha-animada elementor-view-default elementor-widget elementor-widget-icon\" data-id=\"46c497d4\" data-element_type=\"widget\" data-e-type=\"widget\" data-widget_type=\"icon.default\">\n\t\t\t\t\t\t\t<div class=\"elementor-icon-wrapper\">\n\t\t\t<a class=\"elementor-icon\" href=\"#video\">\n\t\t\t<svg aria-hidden=\"true\" class=\"e-font-icon-svg e-fas-long-arrow-alt-down\" viewBox=\"0 0 256 512\" xmlns=\"http:\/\/www.w3.org\/2000\/svg\"><path d=\"M168 345.941V44c0-6.627-5.373-12-12-12h-56c-6.627 0-12 5.373-12 12v301.941H41.941c-21.382 0-32.09 25.851-16.971 40.971l86.059 86.059c9.373 9.373 24.569 9.373 33.941 0l86.059-86.059c15.119-15.119 4.411-40.971-16.971-40.971H168z\"><\/path><\/svg>\t\t\t<\/a>\n\t\t<\/div>\n\t\t\t\t\t\t<\/div>\n\t\t\t\t<\/div>\n\t\t\t\t<\/div>\n\t\t<div class=\"elementor-element elementor-element-507f5363 e-con-full e-flex e-con e-child\" data-id=\"507f5363\" data-element_type=\"container\" data-e-type=\"container\" id=\"video\">\n\t\t\t\t<div class=\"elementor-element elementor-element-4d6b6ec0 elementor-widget__width-initial elementor-hidden-mobile elementor-widget elementor-widget-video\" data-id=\"4d6b6ec0\" data-element_type=\"widget\" data-e-type=\"widget\" data-settings=\"{&quot;video_type&quot;:&quot;hosted&quot;,&quot;autoplay&quot;:&quot;yes&quot;,&quot;play_on_mobile&quot;:&quot;yes&quot;,&quot;mute&quot;:&quot;yes&quot;,&quot;loop&quot;:&quot;yes&quot;,&quot;controls&quot;:&quot;yes&quot;}\" data-widget_type=\"video.default\">\n\t\t\t\t\t\t\t<div class=\"e-hosted-video elementor-wrapper elementor-open-inline\">\n\t\t\t\t\t<video class=\"elementor-video\" src=\"https:\/\/empatiacomunidad.com\/wp-content\/uploads\/2026\/02\/ES-video-de-alianzas-globales.mp4\" autoplay=\"\" loop=\"\" controls=\"\" muted=\"muted\" playsinline=\"\" controlsList=\"nodownload\"><\/video>\n\t\t\t\t<\/div>\n\t\t\t\t\t\t<\/div>\n\t\t\t\t<div class=\"elementor-element elementor-element-44e3174 elementor-widget__width-initial elementor-hidden-desktop elementor-hidden-tablet elementor-widget elementor-widget-video\" data-id=\"44e3174\" data-element_type=\"widget\" data-e-type=\"widget\" data-settings=\"{&quot;video_type&quot;:&quot;hosted&quot;,&quot;autoplay&quot;:&quot;yes&quot;,&quot;play_on_mobile&quot;:&quot;yes&quot;,&quot;mute&quot;:&quot;yes&quot;,&quot;loop&quot;:&quot;yes&quot;,&quot;controls&quot;:&quot;yes&quot;}\" data-widget_type=\"video.default\">\n\t\t\t\t\t\t\t<div class=\"e-hosted-video elementor-wrapper elementor-open-inline\">\n\t\t\t\t\t<video class=\"elementor-video\" src=\"https:\/\/empatiacomunidad.com\/wp-content\/uploads\/2026\/02\/ES-video-de-alianzas-globales-celular.mp4\" autoplay=\"\" loop=\"\" controls=\"\" muted=\"muted\" playsinline=\"\" controlsList=\"nodownload\"><\/video>\n\t\t\t\t<\/div>\n\t\t\t\t\t\t<\/div>\n\t\t\t\t<\/div>\n\t\t<div class=\"elementor-element elementor-element-37394653 e-con-full e-flex e-con e-child\" data-id=\"37394653\" data-element_type=\"container\" data-e-type=\"container\">\n\t\t<div class=\"elementor-element elementor-element-4a2ac016 e-con-full e-flex e-con e-child\" data-id=\"4a2ac016\" data-element_type=\"container\" data-e-type=\"container\">\n\t\t\t\t<div class=\"elementor-element elementor-element-9558576 elementor-widget__width-initial elementor-widget elementor-widget-text-editor\" data-id=\"9558576\" data-element_type=\"widget\" data-e-type=\"widget\" data-widget_type=\"text-editor.default\">\n\t\t\t\t\t\t\t\t\t<p>En Empat\u00eda Comunidad impulsamos una comunicaci\u00f3n con prop\u00f3sito, que conecta, transforma y construye futuro.<\/p>\t\t\t\t\t\t\t\t<\/div>\n\t\t\t\t<div class=\"elementor-element elementor-element-60b59ec4 elementor-widget__width-initial elementor-widget elementor-widget-text-editor\" data-id=\"60b59ec4\" data-element_type=\"widget\" data-e-type=\"widget\" data-widget_type=\"text-editor.default\">\n\t\t\t\t\t\t\t\t\t<p>Por eso tejemos alianzas con personas e instituciones comprometidas con el impacto positivo en distintos territorios.<\/p>\t\t\t\t\t\t\t\t<\/div>\n\t\t\t\t<\/div>\n\t\t<div class=\"elementor-element elementor-element-d53a5ed e-con-full e-flex e-con e-child\" data-id=\"d53a5ed\" data-element_type=\"container\" data-e-type=\"container\">\n\t\t\t\t<div class=\"elementor-element elementor-element-f0f48c5 elementor-widget__width-initial elementor-widget elementor-widget-text-editor\" data-id=\"f0f48c5\" data-element_type=\"widget\" data-e-type=\"widget\" data-widget_type=\"text-editor.default\">\n\t\t\t\t\t\t\t\t\t<p>Representantes en cada pa\u00eds<\/p>\t\t\t\t\t\t\t\t<\/div>\n\t\t\t\t<div class=\"elementor-element elementor-element-a11d0c2 elementor-widget__width-initial elementor-widget elementor-widget-text-editor\" data-id=\"a11d0c2\" data-element_type=\"widget\" data-e-type=\"widget\" data-widget_type=\"text-editor.default\">\n\t\t\t\t\t\t\t\t\t<h4 style=\"padding-bottom: 15px;\">Nuestra red global est\u00e1 integrada por profesionales que acompa\u00f1an procesos, generan v\u00ednculos y expanden nuestra mirada emp\u00e1tica en sus contextos locales:<\/h4><h4 style=\"color: #b7c72a; line-height: 80%;\"><strong>Argentina: <\/strong><span style=\"color: #ffffff;\">Claudia Armesto<\/span><\/h4><h4 style=\"color: #b7c72a; line-height: 80%;\"><strong>Brasil:<\/strong><span style=\"color: #ffffff;\"> Fernanda Elen<\/span><\/h4><h4 style=\"color: #b7c72a; line-height: 80%;\"><strong>Chile:<\/strong><span style=\"color: #ffffff;\"> Alejandro Ubilla Ginieis<\/span><\/h4><h4 style=\"color: #b7c72a; line-height: 80%;\"><strong>Espa\u00f1a:<\/strong><span style=\"color: #ffffff;\"> Fran Valma\u00f1a<\/span><\/h4><h4 style=\"color: #b7c72a; line-height: 80%;\"><strong>Estados Unidos:<\/strong><span style=\"color: #ffffff;\"> Sabina Cobo<\/span><\/h4><h4 style=\"color: #b7c72a; line-height: 80%;\"><strong>M\u00e9xico: <\/strong><span style=\"color: #ffffff;\">Claris Monreal<\/span><\/h4><h4 style=\"color: #b7c72a; line-height: 80%;\"><strong>Uruguay:<\/strong><span style=\"color: #ffffff;\"> Rosario Collazo<\/span><\/h4>\t\t\t\t\t\t\t\t<\/div>\n\t\t\t\t<div class=\"elementor-element elementor-element-4fdaa41 elementor-widget__width-initial elementor-widget elementor-widget-text-editor\" data-id=\"4fdaa41\" data-element_type=\"widget\" data-e-type=\"widget\" data-widget_type=\"text-editor.default\">\n\t\t\t\t\t\t\t\t\t<p>Eventos y Experiencias<\/p>\t\t\t\t\t\t\t\t<\/div>\n\t\t\t\t<div class=\"elementor-element elementor-element-bf2ef00 elementor-widget__width-initial elementor-widget elementor-widget-text-editor\" data-id=\"bf2ef00\" data-element_type=\"widget\" data-e-type=\"widget\" data-widget_type=\"text-editor.default\">\n\t\t\t\t\t\t\t\t\t<h4 style=\"color: #b7c72a; line-height: 80%;\"><strong>Argentina: <\/strong><span style=\"color: #ffffff;\">Mariana Philip<\/span><\/h4>\t\t\t\t\t\t\t\t<\/div>\n\t\t\t\t<\/div>\n\t\t\t\t<\/div>\n\t\t\t\t\t<\/div>\n\t\t\t\t<\/div>\n\t\t<div class=\"elementor-element elementor-element-dec7ae0 e-flex e-con-boxed e-con e-parent\" data-id=\"dec7ae0\" data-element_type=\"container\" data-e-type=\"container\" data-settings=\"{&quot;background_background&quot;:&quot;classic&quot;}\">\n\t\t\t\t\t<div class=\"e-con-inner\">\n\t\t\t\t<div class=\"elementor-element elementor-element-75bd70d elementor-widget__width-initial elementor-widget elementor-widget-text-editor\" data-id=\"75bd70d\" data-element_type=\"widget\" data-e-type=\"widget\" data-widget_type=\"text-editor.default\">\n\t\t\t\t\t\t\t\t\t<p><strong>Instituciones aliadas<\/strong><\/p>\t\t\t\t\t\t\t\t<\/div>\n\t\t\t\t<div class=\"elementor-element elementor-element-2e963df elementor-widget elementor-widget-text-editor\" data-id=\"2e963df\" data-element_type=\"widget\" data-e-type=\"widget\" data-widget_type=\"text-editor.default\">\n\t\t\t\t\t\t\t\t\t<h4>Trabajamos en colaboraci\u00f3n con organizaciones que comparten nuestra visi\u00f3n de una comunicaci\u00f3n estrat\u00e9gica, humana y sustentable:<\/h4>\t\t\t\t\t\t\t\t<\/div>\n\t\t<div class=\"elementor-element elementor-element-55e5730 e-con-full e-flex e-con e-child\" data-id=\"55e5730\" data-element_type=\"container\" data-e-type=\"container\">\n\t\t\t\t<div class=\"elementor-element elementor-element-157e5db elementor-widget__width-initial elementor-hidden-desktop elementor-hidden-tablet elementor-hidden-mobile elementor-widget elementor-widget-text-editor\" data-id=\"157e5db\" data-element_type=\"widget\" data-e-type=\"widget\" data-widget_type=\"text-editor.default\">\n\t\t\t\t\t\t\t\t\t<p>Fundaci\u00f3n Suma Veritas<\/p>\t\t\t\t\t\t\t\t<\/div>\n\t\t\t\t<div class=\"elementor-element elementor-element-dd7af99 elementor-widget__width-initial elementor-widget elementor-widget-text-editor\" data-id=\"dd7af99\" data-element_type=\"widget\" data-e-type=\"widget\" data-widget_type=\"text-editor.default\">\n\t\t\t\t\t\t\t\t\t<p>Acci\u00f3n Sustentable<\/p>\t\t\t\t\t\t\t\t<\/div>\n\t\t\t\t<\/div>\n\t\t\t\t<div class=\"elementor-element elementor-element-736f763 elementor-widget elementor-widget-text-editor\" data-id=\"736f763\" data-element_type=\"widget\" data-e-type=\"widget\" data-widget_type=\"text-editor.default\">\n\t\t\t\t\t\t\t\t\t<h4>Estas alianzas potencian nuestro alcance y nos permiten integrar diversas miradas para acompa\u00f1ar procesos de transformaci\u00f3n con sentido y coherencia.<\/h4>\t\t\t\t\t\t\t\t<\/div>\n\t\t\t\t\t<\/div>\n\t\t\t\t<\/div>\n\t\t\t\t<\/div>\n\t\t","protected":false},"excerpt":{"rendered":"<p>alianzas y comunidad global https:\/\/empatiacomunidad.com\/wp-content\/uploads\/2026\/02\/ES-video-de-alianzas-globales.mp4https:\/\/empatiacomunidad.com\/wp-content\/uploads\/2026\/02\/ES-video-de-alianzas-globales-celular.mp4 En Empat\u00eda Comunidad impulsamos una comunicaci\u00f3n con prop\u00f3sito, que conecta, transforma y construye futuro. Por eso tejemos alianzas con personas e instituciones comprometidas con el impacto positivo en distintos territorios. Representantes en cada pa\u00eds Nuestra red global est\u00e1 integrada por profesionales que acompa\u00f1an procesos, generan v\u00ednculos y expanden nuestra mirada [&hellip;]<\/p>\n","protected":false},"author":1,"featured_media":0,"parent":0,"menu_order":0,"comment_status":"closed","ping_status":"closed","template":"","meta":{"footnotes":""},"class_list":["post-7598","page","type-page","status-publish","hentry"],"yoast_head":"<!-- This site is optimized with the Yoast SEO plugin v27.4 - https:\/\/yoast.com\/product\/yoast-seo-wordpress\/ -->\n<title>Alianzas y Comunidad Global - Empat\u00eda Comunidad<\/title>\n<meta name=\"robots\" content=\"index, follow, max-snippet:-1, max-image-preview:large, max-video-preview:-1\" \/>\n<link rel=\"canonical\" href=\"https:\/\/empatiacomunidad.com\/es\/alianzas-y-comunidad-global\/\" \/>\n<meta property=\"og:locale\" content=\"es_ES\" \/>\n<meta property=\"og:type\" content=\"article\" \/>\n<meta property=\"og:title\" content=\"Alianzas y Comunidad Global - Empat\u00eda Comunidad\" \/>\n<meta property=\"og:description\" content=\"alianzas y comunidad global https:\/\/empatiacomunidad.com\/wp-content\/uploads\/2026\/02\/ES-video-de-alianzas-globales.mp4https:\/\/empatiacomunidad.com\/wp-content\/uploads\/2026\/02\/ES-video-de-alianzas-globales-celular.mp4 En Empat\u00eda Comunidad impulsamos una comunicaci\u00f3n con prop\u00f3sito, que conecta, transforma y construye futuro. Por eso tejemos alianzas con personas e instituciones comprometidas con el impacto positivo en distintos territorios. Representantes en cada pa\u00eds Nuestra red global est\u00e1 integrada por profesionales que acompa\u00f1an procesos, generan v\u00ednculos y expanden nuestra mirada [&hellip;]\" \/>\n<meta property=\"og:url\" content=\"https:\/\/empatiacomunidad.com\/es\/alianzas-y-comunidad-global\/\" \/>\n<meta property=\"og:site_name\" content=\"Empat\u00eda Comunidad\" \/>\n<meta property=\"article:publisher\" content=\"https:\/\/www.facebook.com\/Empatia.Comunidad\/\" \/>\n<meta property=\"article:modified_time\" content=\"2026-02-04T23:48:34+00:00\" \/>\n<meta name=\"twitter:card\" content=\"summary_large_image\" \/>\n<meta name=\"twitter:site\" content=\"@Empatia_comu\" \/>\n<meta name=\"twitter:label1\" content=\"Tiempo de lectura\" \/>\n\t<meta name=\"twitter:data1\" content=\"1 minuto\" \/>\n<script type=\"application\/ld+json\" class=\"yoast-schema-graph\">{\"@context\":\"https:\\\/\\\/schema.org\",\"@graph\":[{\"@type\":\"WebPage\",\"@id\":\"https:\\\/\\\/empatiacomunidad.com\\\/alianzas-y-comunidad-global\\\/\",\"url\":\"https:\\\/\\\/empatiacomunidad.com\\\/alianzas-y-comunidad-global\\\/\",\"name\":\"Alianzas y Comunidad Global - Empat\u00eda Comunidad\",\"isPartOf\":{\"@id\":\"https:\\\/\\\/empatiacomunidad.com\\\/#website\"},\"primaryImageOfPage\":{\"@id\":\"https:\\\/\\\/empatiacomunidad.com\\\/alianzas-y-comunidad-global\\\/#primaryimage\"},\"image\":{\"@id\":\"https:\\\/\\\/empatiacomunidad.com\\\/alianzas-y-comunidad-global\\\/#primaryimage\"},\"thumbnailUrl\":\"https:\\\/\\\/empatiacomunidad.com\\\/wp-content\\\/uploads\\\/2025\\\/10\\\/Logo-Empatia-Blanco.svg\",\"datePublished\":\"2026-01-28T20:03:58+00:00\",\"dateModified\":\"2026-02-04T23:48:34+00:00\",\"breadcrumb\":{\"@id\":\"https:\\\/\\\/empatiacomunidad.com\\\/alianzas-y-comunidad-global\\\/#breadcrumb\"},\"inLanguage\":\"es\",\"potentialAction\":[{\"@type\":\"ReadAction\",\"target\":[\"https:\\\/\\\/empatiacomunidad.com\\\/alianzas-y-comunidad-global\\\/\"]}]},{\"@type\":\"ImageObject\",\"inLanguage\":\"es\",\"@id\":\"https:\\\/\\\/empatiacomunidad.com\\\/alianzas-y-comunidad-global\\\/#primaryimage\",\"url\":\"https:\\\/\\\/empatiacomunidad.com\\\/wp-content\\\/uploads\\\/2025\\\/10\\\/Logo-Empatia-Blanco.svg\",\"contentUrl\":\"https:\\\/\\\/empatiacomunidad.com\\\/wp-content\\\/uploads\\\/2025\\\/10\\\/Logo-Empatia-Blanco.svg\"},{\"@type\":\"BreadcrumbList\",\"@id\":\"https:\\\/\\\/empatiacomunidad.com\\\/alianzas-y-comunidad-global\\\/#breadcrumb\",\"itemListElement\":[{\"@type\":\"ListItem\",\"position\":1,\"name\":\"Inicio\",\"item\":\"https:\\\/\\\/empatiacomunidad.com\\\/\"},{\"@type\":\"ListItem\",\"position\":2,\"name\":\"Alianzas y Comunidad Global\"}]},{\"@type\":\"WebSite\",\"@id\":\"https:\\\/\\\/empatiacomunidad.com\\\/#website\",\"url\":\"https:\\\/\\\/empatiacomunidad.com\\\/\",\"name\":\"Empat\u00eda Comunidad\",\"description\":\"Soluciones de valor\",\"publisher\":{\"@id\":\"https:\\\/\\\/empatiacomunidad.com\\\/#organization\"},\"potentialAction\":[{\"@type\":\"SearchAction\",\"target\":{\"@type\":\"EntryPoint\",\"urlTemplate\":\"https:\\\/\\\/empatiacomunidad.com\\\/?s={search_term_string}\"},\"query-input\":{\"@type\":\"PropertyValueSpecification\",\"valueRequired\":true,\"valueName\":\"search_term_string\"}}],\"inLanguage\":\"es\"},{\"@type\":\"Organization\",\"@id\":\"https:\\\/\\\/empatiacomunidad.com\\\/#organization\",\"name\":\"Empat\u00eda Comunidad\",\"url\":\"https:\\\/\\\/empatiacomunidad.com\\\/\",\"logo\":{\"@type\":\"ImageObject\",\"inLanguage\":\"es\",\"@id\":\"https:\\\/\\\/empatiacomunidad.com\\\/#\\\/schema\\\/logo\\\/image\\\/\",\"url\":\"https:\\\/\\\/empatiacomunidad.com\\\/wp-content\\\/uploads\\\/2025\\\/10\\\/Logo-Empatia-Negro.svg\",\"contentUrl\":\"https:\\\/\\\/empatiacomunidad.com\\\/wp-content\\\/uploads\\\/2025\\\/10\\\/Logo-Empatia-Negro.svg\",\"width\":1096,\"height\":273,\"caption\":\"Empat\u00eda Comunidad\"},\"image\":{\"@id\":\"https:\\\/\\\/empatiacomunidad.com\\\/#\\\/schema\\\/logo\\\/image\\\/\"},\"sameAs\":[\"https:\\\/\\\/www.facebook.com\\\/Empatia.Comunidad\\\/\",\"https:\\\/\\\/x.com\\\/Empatia_comu\",\"https:\\\/\\\/www.instagram.com\\\/empatiacomunidad\\\/\",\"https:\\\/\\\/www.linkedin.com\\\/company\\\/1381791\\\/admin\\\/dashboard\\\/\",\"https:\\\/\\\/www.youtube.com\\\/channel\\\/UCF1LaQP8NqawOMXArRClGSQ?view_as=subscriber\",\"https:\\\/\\\/open.spotify.com\\\/episode\\\/5yzhSrOdzWfFu09ej3ySQ6?si=0Im7XIKrTFGDdW4YLm_-wA&nd=1&dlsi=5410931594894d10\"]}]}<\/script>\n<!-- \/ Yoast SEO plugin. -->","yoast_head_json":{"title":"Alianzas y Comunidad Global - Empat\u00eda Comunidad","robots":{"index":"index","follow":"follow","max-snippet":"max-snippet:-1","max-image-preview":"max-image-preview:large","max-video-preview":"max-video-preview:-1"},"canonical":"https:\/\/empatiacomunidad.com\/es\/alianzas-y-comunidad-global\/","og_locale":"es_ES","og_type":"article","og_title":"Alianzas y Comunidad Global - Empat\u00eda Comunidad","og_description":"alianzas y comunidad global https:\/\/empatiacomunidad.com\/wp-content\/uploads\/2026\/02\/ES-video-de-alianzas-globales.mp4https:\/\/empatiacomunidad.com\/wp-content\/uploads\/2026\/02\/ES-video-de-alianzas-globales-celular.mp4 En Empat\u00eda Comunidad impulsamos una comunicaci\u00f3n con prop\u00f3sito, que conecta, transforma y construye futuro. Por eso tejemos alianzas con personas e instituciones comprometidas con el impacto positivo en distintos territorios. Representantes en cada pa\u00eds Nuestra red global est\u00e1 integrada por profesionales que acompa\u00f1an procesos, generan v\u00ednculos y expanden nuestra mirada [&hellip;]","og_url":"https:\/\/empatiacomunidad.com\/es\/alianzas-y-comunidad-global\/","og_site_name":"Empat\u00eda Comunidad","article_publisher":"https:\/\/www.facebook.com\/Empatia.Comunidad\/","article_modified_time":"2026-02-04T23:48:34+00:00","twitter_card":"summary_large_image","twitter_site":"@Empatia_comu","twitter_misc":{"Tiempo de lectura":"1 minuto"},"schema":{"@context":"https:\/\/schema.org","@graph":[{"@type":"WebPage","@id":"https:\/\/empatiacomunidad.com\/alianzas-y-comunidad-global\/","url":"https:\/\/empatiacomunidad.com\/alianzas-y-comunidad-global\/","name":"Alianzas y Comunidad Global - Empat\u00eda Comunidad","isPartOf":{"@id":"https:\/\/empatiacomunidad.com\/#website"},"primaryImageOfPage":{"@id":"https:\/\/empatiacomunidad.com\/alianzas-y-comunidad-global\/#primaryimage"},"image":{"@id":"https:\/\/empatiacomunidad.com\/alianzas-y-comunidad-global\/#primaryimage"},"thumbnailUrl":"https:\/\/empatiacomunidad.com\/wp-content\/uploads\/2025\/10\/Logo-Empatia-Blanco.svg","datePublished":"2026-01-28T20:03:58+00:00","dateModified":"2026-02-04T23:48:34+00:00","breadcrumb":{"@id":"https:\/\/empatiacomunidad.com\/alianzas-y-comunidad-global\/#breadcrumb"},"inLanguage":"es","potentialAction":[{"@type":"ReadAction","target":["https:\/\/empatiacomunidad.com\/alianzas-y-comunidad-global\/"]}]},{"@type":"ImageObject","inLanguage":"es","@id":"https:\/\/empatiacomunidad.com\/alianzas-y-comunidad-global\/#primaryimage","url":"https:\/\/empatiacomunidad.com\/wp-content\/uploads\/2025\/10\/Logo-Empatia-Blanco.svg","contentUrl":"https:\/\/empatiacomunidad.com\/wp-content\/uploads\/2025\/10\/Logo-Empatia-Blanco.svg"},{"@type":"BreadcrumbList","@id":"https:\/\/empatiacomunidad.com\/alianzas-y-comunidad-global\/#breadcrumb","itemListElement":[{"@type":"ListItem","position":1,"name":"Inicio","item":"https:\/\/empatiacomunidad.com\/"},{"@type":"ListItem","position":2,"name":"Alianzas y Comunidad Global"}]},{"@type":"WebSite","@id":"https:\/\/empatiacomunidad.com\/#website","url":"https:\/\/empatiacomunidad.com\/","name":"Empat\u00eda Comunidad","description":"Soluciones de valor","publisher":{"@id":"https:\/\/empatiacomunidad.com\/#organization"},"potentialAction":[{"@type":"SearchAction","target":{"@type":"EntryPoint","urlTemplate":"https:\/\/empatiacomunidad.com\/?s={search_term_string}"},"query-input":{"@type":"PropertyValueSpecification","valueRequired":true,"valueName":"search_term_string"}}],"inLanguage":"es"},{"@type":"Organization","@id":"https:\/\/empatiacomunidad.com\/#organization","name":"Empat\u00eda Comunidad","url":"https:\/\/empatiacomunidad.com\/","logo":{"@type":"ImageObject","inLanguage":"es","@id":"https:\/\/empatiacomunidad.com\/#\/schema\/logo\/image\/","url":"https:\/\/empatiacomunidad.com\/wp-content\/uploads\/2025\/10\/Logo-Empatia-Negro.svg","contentUrl":"https:\/\/empatiacomunidad.com\/wp-content\/uploads\/2025\/10\/Logo-Empatia-Negro.svg","width":1096,"height":273,"caption":"Empat\u00eda Comunidad"},"image":{"@id":"https:\/\/empatiacomunidad.com\/#\/schema\/logo\/image\/"},"sameAs":["https:\/\/www.facebook.com\/Empatia.Comunidad\/","https:\/\/x.com\/Empatia_comu","https:\/\/www.instagram.com\/empatiacomunidad\/","https:\/\/www.linkedin.com\/company\/1381791\/admin\/dashboard\/","https:\/\/www.youtube.com\/channel\/UCF1LaQP8NqawOMXArRClGSQ?view_as=subscriber","https:\/\/open.spotify.com\/episode\/5yzhSrOdzWfFu09ej3ySQ6?si=0Im7XIKrTFGDdW4YLm_-wA&nd=1&dlsi=5410931594894d10"]}]}},"_links":{"self":[{"href":"https:\/\/empatiacomunidad.com\/es\/wp-json\/wp\/v2\/pages\/7598","targetHints":{"allow":["GET"]}}],"collection":[{"href":"https:\/\/empatiacomunidad.com\/es\/wp-json\/wp\/v2\/pages"}],"about":[{"href":"https:\/\/empatiacomunidad.com\/es\/wp-json\/wp\/v2\/types\/page"}],"author":[{"embeddable":true,"href":"https:\/\/empatiacomunidad.com\/es\/wp-json\/wp\/v2\/users\/1"}],"replies":[{"embeddable":true,"href":"https:\/\/empatiacomunidad.com\/es\/wp-json\/wp\/v2\/comments?post=7598"}],"version-history":[{"count":85,"href":"https:\/\/empatiacomunidad.com\/es\/wp-json\/wp\/v2\/pages\/7598\/revisions"}],"predecessor-version":[{"id":7905,"href":"https:\/\/empatiacomunidad.com\/es\/wp-json\/wp\/v2\/pages\/7598\/revisions\/7905"}],"wp:attachment":[{"href":"https:\/\/empatiacomunidad.com\/es\/wp-json\/wp\/v2\/media?parent=7598"}],"curies":[{"name":"wp","href":"https:\/\/api.w.org\/{rel}","templated":true}]}}